{"id":3450,"date":"2024-01-31T12:14:52","date_gmt":"2024-01-31T20:14:52","guid":{"rendered":"http:\/\/blossomeventrental.com\/?post_type=product&#038;p=3450"},"modified":"2024-03-06T13:48:45","modified_gmt":"2024-03-06T21:48:45","slug":"backyard-wedding-bronze-package","status":"publish","type":"product","link":"https:\/\/blossomeventrental.com\/es\/producto\/backyard-wedding-bronze-package\/","title":{"rendered":"Paquete de Bronze para Bodas de Jard\u00edn"},"content":{"rendered":"<h3>Detalles de los paquetes para su evento:<\/h3>\n<ul>\n<li class=\"translation-block\">Incluye una carpa cubierta de <strong>30 pies x 50 pies<\/strong> con iluminaci\u00f3n (drapeado en blanco, marfil o negro), mesas redondas de 60 pulgadas y elegantes sillas chiavari a la medida de sus 130 invitados en su paquete.<\/li>\n<li><strong>13<\/strong>\u00a0<strong>mesas redondas de pl\u00e1stico de 60''<\/strong> para tus 130 invitados<\/li>\n<li><strong>130 Sillas estilo chiavari<\/strong> (oro, plata y blanco - Cojines NO incluidos) en funci\u00f3n del n\u00famero de invitados<\/li>\n<li>Manteler\u00eda de poli\u00e9ster normal (varios colores) para el n\u00famero de invitados (ver m\u00e1s detalles en la pesta\u00f1a de informaci\u00f3n adicional).<\/li>\n<li>Vajilla (Juego de 6) incluyendo Plato de Pl\u00e1stico, Plato Blanco de Cer\u00e1mica, Copa de Agua, Servilleta Blanca de Poli\u00e9ster o Sat\u00e9n, Cuchillo y Tenedor para el n\u00famero de invitados del paquete seleccionado.<\/li>\n<li>Centros de mesa de flores frescas (Kayrha Design) en marfil y flores verdes o blanco y flores verdes<\/li>\n<\/ul>\n<h3>Mesa Sweetheart<\/h3>\n<ul>\n<li>Tel\u00f3n de fondo Chiffon de 10\" x 10\" (disponible en negro, marfil o blanco)<\/li>\n<li>Arreglo Floral Fresco en Rosas Verdes y Blancas o Rosas Verdes y Marfil<\/li>\n<li>Mesa rectangular de 6'' con manteler\u00eda especial y peque\u00f1o centro de flores frescas en verde y rosas blancas o verde y rosas marfil<\/li>\n<li>Incluye 2 vajillas deluxe y 2 sillas chiavari adicionales para mayor elegancia.<\/li>\n<\/ul>\n<p><strong>\u00a1Haga que su boda sea memorable con este paquete todo incluido!<\/strong><\/p>\n<h3><strong>Pol\u00edticas de renta<\/strong><\/h3>\n<p><a href=\"http:\/\/blossomeventrental.com\/es\/rental-policies\/\"><strong>Es importante leer las condiciones de renta. <\/strong><\/a><\/p>","protected":false},"excerpt":{"rendered":"<h4><strong>\u00a1Haga que su boda sea memorable con este paquete todo incluido!<\/strong><\/h4>\n<p>Set completo con cubiertos para cada invitado, centros de mesa con flores frescas y una preciosa mesa nupcial con detalles de lujo.<\/p>\n<p><em><strong>\u00a1Importante! <\/strong><\/em><\/p>\n<p>Siga los pasos siguientes:<\/p>\n<ol>\n<li>Lea la descripci\u00f3n de los paquetes antes de reservar.<\/li>\n<li>Seleccione las opciones que desee y la fecha de su evento.<\/li>\n<li>Seleccione la opci\u00f3n de pago a dep\u00f3sito o pago completo y a\u00f1ada al carrito.<\/li>\n<li>Si tiene alguna pregunta, p\u00f3ngase en contacto con nosotros a trav\u00e9s del bot\u00f3n de WhatsApp.<\/li>\n<\/ol>\n<p>Options:<\/p>","protected":false},"featured_media":3334,"comment_status":"open","ping_status":"closed","template":"","meta":{"_joinchat":[]},"product_brand":[],"product_cat":[121,122],"product_tag":[],"class_list":{"0":"post-3450","1":"product","2":"type-product","3":"status-publish","4":"has-post-thumbnail","6":"product_cat-packages","7":"product_cat-wedding","8":"description-off","10":"first","11":"instock","12":"sold-individually","13":"shipping-taxable","14":"purchasable","15":"product-type-variable"},"_links":{"self":[{"href":"https:\/\/blossomeventrental.com\/es\/wp-json\/wp\/v2\/product\/3450","targetHints":{"allow":["GET"]}}],"collection":[{"href":"https:\/\/blossomeventrental.com\/es\/wp-json\/wp\/v2\/product"}],"about":[{"href":"https:\/\/blossomeventrental.com\/es\/wp-json\/wp\/v2\/types\/product"}],"replies":[{"embeddable":true,"href":"https:\/\/blossomeventrental.com\/es\/wp-json\/wp\/v2\/comments?post=3450"}],"wp:featuredmedia":[{"embeddable":true,"href":"https:\/\/blossomeventrental.com\/es\/wp-json\/wp\/v2\/media\/3334"}],"wp:attachment":[{"href":"https:\/\/blossomeventrental.com\/es\/wp-json\/wp\/v2\/media?parent=3450"}],"wp:term":[{"taxonomy":"product_brand","embeddable":true,"href":"https:\/\/blossomeventrental.com\/es\/wp-json\/wp\/v2\/product_brand?post=3450"},{"taxonomy":"product_cat","embeddable":true,"href":"https:\/\/blossomeventrental.com\/es\/wp-json\/wp\/v2\/product_cat?post=3450"},{"taxonomy":"product_tag","embeddable":true,"href":"https:\/\/blossomeventrental.com\/es\/wp-json\/wp\/v2\/product_tag?post=3450"}],"curies":[{"name":"wp","href":"https:\/\/api.w.org\/{rel}","templated":true}]}}