{"id":3357,"date":"2024-01-27T18:10:39","date_gmt":"2024-01-28T02:10:39","guid":{"rendered":"http:\/\/blossomeventrental.com\/?page_id=3357"},"modified":"2024-01-30T14:52:58","modified_gmt":"2024-01-30T22:52:58","slug":"rental-policies","status":"publish","type":"page","link":"https:\/\/blossomeventrental.com\/es\/rental-policies\/","title":{"rendered":"Pol\u00edticas de renta"},"content":{"rendered":"<div class=\"wpb-content-wrapper\"><div class=\"vc_row wpb_row vc_row-fluid\"><div class=\"wpb_column vc_column_container vc_col-sm-12\"><div class=\"vc_column-inner\"><div class=\"wpb_wrapper\"><div id=\"ultimate-heading-678969ebcf6631961\" class=\"uvc-heading ult-adjust-bottom-margin ultimate-heading-678969ebcf6631961 uvc-2611  uvc-heading-default-font-sizes\" data-hspacer=\"no_spacer\"  data-halign=\"center\" style=\"text-align:center\"><div class=\"uvc-heading-spacer no_spacer\" style=\"top\"><\/div><div class=\"uvc-main-heading ult-responsive\"  data-ultimate-target='.uvc-heading.ultimate-heading-678969ebcf6631961 h1'  data-responsive-json-new='{\"font-size\":\"\",\"line-height\":\"\"}' ><h1 style=\"--font-weight:theme;margin-bottom:64px;\">Pol\u00edticas de renta<\/h1><\/div><\/div><\/div><\/div><\/div><\/div><div class=\"vc_row wpb_row vc_row-fluid\"><div class=\"wpb_column vc_column_container vc_col-sm-6\"><div class=\"vc_column-inner\"><div class=\"wpb_wrapper\"><div id=\"modal-trg-txt-wrap-9531\" class=\"ult-modal-input-wrapper ult-adjust-bottom-margin\" data-keypress-control=\"keypress-control-enable\" data-overlay-control=\"overlay-control-enable\"><span tabindex=\"0\"  data-ultimate-target='#modal-trg-txt-wrap-9531 .mycust'  data-responsive-json-new='{\"font-size\":\"\",\"line-height\":\"\"}'  style=\"color:#f60f60;cursor:pointer; \" data-class-id=\"content-69ebcf6631fcc7-42420183\" class=\"overlay-show ult-responsive mycust ult-align-center\" data-overlay-class=\"overlay-fade\">See Rental Policies - English<\/span><\/div>\n<div class=\"ult-overlay content-69ebcf6631fcc7-42420183\" data-class=\"content-69ebcf6631fcc7-42420183\" id=\"button-click-overlay\" style=\"background:rgba(51,51,51,0.8); display:none;\">\n\t<div class=\"ult_modal ult-fade ult-medium\">\n\t\t<div id=\"ult-modal-wrap-2185\" class=\"ult_modal-content ult-hide\" style=\"border-style:solid;border-width:2px;border-radius:0px;border-color:#333333;\">\n\t\t\t<div class=\"ult_modal-header\" style=\"color:#333333;border-color:#333333;\">\n\t\t\t\t<h3  data-ultimate-target='#ult-modal-wrap-2185 .ult_modal-title'  data-responsive-json-new='{\"font-size\":\"\",\"line-height\":\"\"}'  class=\"ult_modal-title ult-responsive\">Rental Policies<\/h3>\n\t\t\t<\/div>\n\t\t\t<div  data-ultimate-target='#ult-modal-wrap-2185 .ult_modal-body'  data-responsive-json-new='{\"font-size\":\"\",\"line-height\":\"\"}'  class=\"ult_modal-body ult-responsive ult-html\" style=\"\">\n\t\t\t<\/p>\n<h3>Please read these policies!<\/h3>\n<p><span style=\"text-decoration: underline;\">Not all items shown in the images are included in the packages.<\/span> Please check the list of items that are included in your package before placing your order.<\/p>\n<p><span style=\"text-decoration: underline;\">Please make sure you have the space available for the size of tent listed in your package.<\/span> If the space is not adequate an extra charge will be added for the tent change.<\/p>\n<p>We offer a marquee space measurement service at an additional cost once you have booked your event with us.<\/p>\n<p><span style=\"text-decoration: underline;\"><strong>The marquee has space for tables and chairs only included in the package<\/strong>, it does not have extra space for additional tables or areas e.g. dance area, head table, sweets table, bride and groom table, however <strong>you can upgrade the size of the marquee for an extra charge.<\/strong><\/span> The top and walls of the tent are made of white canvas. We then cover them with fabric curtains.<\/p>\n<p>Once the deposit is received we can schedule a 30 minute demo session.<\/p>\n<p><span style=\"text-decoration: underline;\">Customization of each design or fabric color is available upon request, <strong>this customization should be done 3 &#8211; 4 weeks in advance.<\/strong><\/span><\/p>\n<p><span style=\"text-decoration: underline;\">Package price is for 1 day rental only.<\/span><\/p>\n<p>Customization of set up and dismantling of tables, chairs, table linen, tableware, delivery and collection are not included in the package price, the price includes one time set up and dismantling of the marquee only.<\/p>\n<p><strong>These packages are designed for a garden event<\/strong><br \/>\n<span style=\"text-decoration: underline;\">The tent will be set up 1 or 2 days before the event and will be taken down 1 or 2 days after the event.<\/span><\/p>\n<p>By placing an order with us you agree to our <a href=\"http:\/\/blossomeventrental.com\/es\/refund-returns\/\">terms and conditions<\/a>.<\/p>\n<p>If you have any questions about our packages or our terms and conditions please contact us during our service hours.<\/p>\n<h3>Substitution policy<\/h3>\n<p>It is possible that in some cases <strong>the images may not accurately reflect the original design of the package<\/strong>, as some items may not be available due to weather, season or market conditions, instead they are substituted with available items.<\/p>\n<h3>Tent Policies<\/h3>\n<p><strong>Please read the following information about your tent.<\/strong><\/p>\n<p><strong>Size: <\/strong><\/p>\n<p>If the tent measures 18 feet x 20 feet, a minimum space of 22 feet x 24 feet is required, meaning an additional 4 feet beyond the tent size.<\/p>\n<p><strong>Setup:<\/strong><\/p>\n<ul>\n<li>Tents cannot be set up on top of solid objects, bushes, trees, furniture, automobiles, on first floor decks, dirt or mud.<\/li>\n<li>Tents may not be set up under overhanging power lines, tree limbs or arbors.<\/li>\n<\/ul>\n<p>&nbsp;<\/p>\n<p><strong>Electricity:<\/strong><br \/>\n<span style=\"text-decoration: underline;\">The electrical outlet must be no more than 50 feet from where the tent will be set up.<\/span> If the outlet is further away, the customer must provide additional extension cords.<\/p>\n<p><strong>Anchoring Policy: <\/strong><\/p>\n<p><span style=\"text-decoration: underline;\">If the tent is set up on grass, we will use stakes up to 36 inches long to anchor the tent. All utilities and irrigation must be CLEARLY<\/span><br \/>\n<span style=\"text-decoration: underline;\">MARKED prior to arrival for tent set up. It is the customer&#8217;s responsibility to obtain permits.<\/span><\/p>\n<p>If the tent is set up on concrete, we will use water barrels to anchor the tent. The customer must have a water source within 50 feet of the installation area. The customer must also have adequate drainage<br \/>\nThe customer must also have adequate drainage for water disposal after uniform water barrels cannot be used for anchoring. Contact our office for an alternative. Additional charges may apply.<br \/>\nadditional charges may apply.<\/p>\n<p><strong>Wind Policy: <\/strong><\/p>\n<p><span style=\"text-decoration: underline;\">In the event of extreme weather conditions or high wind, we will not be able to set up the tent. We will issue a cancellation and refund for the tent rental.<\/span><\/p>\n<p><span style=\"text-decoration: underline;\">We reserve the right to cancel any tent if there is a potential risk of injury or damage.<\/span><\/p>\n<p>These tents are not a shelter from extreme weather conditions and must be evacuated in the event of high winds.\n\t\t\t<\/div>\n\t<\/div>\n\t<\/div>\n\t<div class=\"ult-overlay-close top-right\" style=\"width:24px;height:24px; \"><div class=\"ult-overlay-close-inside\">Close<\/div><\/div>\n<\/div><\/div><\/div><\/div><div class=\"wpb_column vc_column_container vc_col-sm-6\"><div class=\"vc_column-inner\"><div class=\"wpb_wrapper\"><div id=\"modal-trg-txt-wrap-1076\" class=\"ult-modal-input-wrapper ult-adjust-bottom-margin\" data-keypress-control=\"keypress-control-enable\" data-overlay-control=\"overlay-control-enable\"><span tabindex=\"0\"  data-ultimate-target='#modal-trg-txt-wrap-1076 .mycust'  data-responsive-json-new='{\"font-size\":\"\",\"line-height\":\"\"}'  style=\"color:#f60f60;cursor:pointer; \" data-class-id=\"content-69ebcf66321385-97617003\" class=\"overlay-show ult-responsive mycust ult-align-center\" data-overlay-class=\"overlay-fade\">Ver pol\u00edticas de renta - Espa\u00f1ol<\/span><\/div>\n<div class=\"ult-overlay content-69ebcf66321385-97617003\" data-class=\"content-69ebcf66321385-97617003\" id=\"button-click-overlay\" style=\"background:rgba(51,51,51,0.8); display:none;\">\n\t<div class=\"ult_modal ult-fade ult-medium\">\n\t\t<div id=\"ult-modal-wrap-4829\" class=\"ult_modal-content ult-hide\" style=\"border-style:solid;border-width:2px;border-radius:0px;border-color:#333333;\">\n\t\t\t<div class=\"ult_modal-header\" style=\"color:#333333;border-color:#333333;\">\n\t\t\t\t<h3  data-ultimate-target='#ult-modal-wrap-4829 .ult_modal-title'  data-responsive-json-new='{\"font-size\":\"\",\"line-height\":\"\"}'  class=\"ult_modal-title ult-responsive\">Rental Policies<\/h3>\n\t\t\t<\/div>\n\t\t\t<div  data-ultimate-target='#ult-modal-wrap-4829 .ult_modal-body'  data-responsive-json-new='{\"font-size\":\"\",\"line-height\":\"\"}'  class=\"ult_modal-body ult-responsive ult-html\" style=\"\">\n\t\t\t<\/p>\n<h3>\u00a1Por favor, lea estas pol\u00edticas!<\/h3>\n<p><span style=\"text-decoration: underline;\">No todos los objetos que vienen en las im\u00e1genes est\u00e1n incluidos en los paquetes.<\/span> Por favor revisa la lista de los objetos que se incluyen en tu paquete antes de realizar la orden.<\/p>\n<p><span style=\"text-decoration: underline;\">Por favor aseg\u00farate de que tienes el espacio disponible para el tama\u00f1o de la carpa que se enlista en tu paquete.<\/span> Si el espacio no es el adecuado se agregar un cargo extra para realizar el cambio de carpa.<\/p>\n<p>Ofrecemos un servicio de medici\u00f3n del espacio para la carpa con un costo adicional un vez que hayas agendado tu evento con nosotros.<\/p>\n<p><strong>La carpa tiene el espacio necesario para las mesas y las sillas solamente incluidas en el paquete<\/strong>, no tiene un espacio extra para mesas o \u00e1reas adicionales ejemplo (\u00e1rea de baile, mesa principal, mesa de dulces, mesa de novios), sin embargo <strong>puedes mejorar el tama\u00f1o de la carpa por un costo extra.<\/strong><\/p>\n<p>La parte superior y las paredes de la tienda son de lona blanca. Luego los cubrimos con cortinas de tela.<\/p>\n<p>Una vez recibido el deposito de anticipo podemos programar una sesi\u00f3n de 30 minutos para demostraci\u00f3n.<\/p>\n<p><span style=\"text-decoration: underline;\">La personalizaci\u00f3n de cada dise\u00f1o o color de tela esta disponible bajo solicitud, <strong>esta personalizaci\u00f3n se deber\u00e1 realizar con 3 &#8211; 4 semanas de anticipaci\u00f3n.<\/strong><\/span><\/p>\n<p><span style=\"text-decoration: underline;\">El precio del paquete es solamente para 1 d\u00eda de renta.<\/span><\/p>\n<p>Personalizaci\u00f3n de Preparaci\u00f3n y desmontaje de mesas, sillas, manteler\u00edas, vajilla, entrega y recolecci\u00f3n, no est\u00e1n aplicados al precio del paquete, el precio incluye solo por una ocasi\u00f3n la instalaci\u00f3n y el desmontaje de la carpa.<\/p>\n<p><strong>Estos paquetes est\u00e1n dise\u00f1ados para un jard\u00edn de eventos<\/strong><br \/>\nLa carpa sera instalada 1 o 2 d\u00edas antes del evento y sera quitada 1 o 2 d\u00edas despu\u00e9s del evento.<\/p>\n<p>Al realizar una orden con nostros estas de acuerdo con nuestros <a href=\"http:\/\/blossomeventrental.com\/es\/refund-returns\/\">T\u00e9rminos y condiciones<\/a> la cual le recomendamos leer antes de realizar una orden.<\/p>\n<p>Si tienes alguna duda de nuestros paquetes o nuestros t\u00e9rminos y condiciones por favor de contactarnos en nuestro horario de servicio.<\/p>\n<h3>Pol\u00edtica de sustituci\u00f3n<\/h3>\n<p>Es posible que en algunos casos <strong>las im\u00e1genes no reflejen con precisi\u00f3n el dise\u00f1o original del paquete<\/strong>, ya que algunos elementos pueden no estar disponibles debido a condiciones clim\u00e1ticas, estacionales o del mercado, y en su lugar, se sustituyen por elementos disponibles.<\/p>\n<h3>Pol\u00edticas de la Tienda de Campa\u00f1a<\/h3>\n<p><strong>Por favor, lea la siguiente informaci\u00f3n sobre su tienda de campa\u00f1a.<\/strong><br \/>\n<strong>Tama\u00f1o: <\/strong><\/p>\n<p>Si la tienda mide 18 pies x 20 pies, se requiere de m\u00ednimo de espacio de 22 pies x 24 pies, es decir, 4 pies extras al tama\u00f1o de la tienda.<\/p>\n<p><strong>Configuraci\u00f3n:<\/strong><\/p>\n<ul>\n<li>Las tiendas de campa\u00f1a no pueden configurarse sobre objetos s\u00f3lidos, arbustos, \u00e1rboles, muebles, autom\u00f3viles, en terrazas de primer piso, tierra o barro.<\/li>\n<li>Las tiendas de campa\u00f1a no pueden configurarse bajo l\u00edneas el\u00e9ctricas sobresalientes, ramas de \u00e1rboles ni p\u00e9rgolas.<\/li>\n<\/ul>\n<p>&nbsp;<\/p>\n<p><strong>Electricidad:<\/strong><br \/>\n<span style=\"text-decoration: underline;\">El enchufe el\u00e9ctrico debe estar a no m\u00e1s de 50 pies de donde se instalar\u00e1 la tienda<\/span>. Si el enchufe est\u00e1 m\u00e1s lejos, el cliente debe proporcionar cables de extensi\u00f3n adicionales.<\/p>\n<p><strong>Pol\u00edtica de Anclaje: <\/strong><\/p>\n<p><span style=\"text-decoration: underline;\">Si la tienda se instala sobre c\u00e9sped, utilizaremos estacas de hasta 36 pulgadas de largo para anclarla. Todas las utilidades e irrigaci\u00f3n deben estar MARCADAS CLARAMENTE<\/span><br \/>\n<span style=\"text-decoration: underline;\">antes de la llegada para la instalaci\u00f3n de la tienda. Es responsabilidad del cliente obtener permisos.<\/span><\/p>\n<p>Si la tienda se instala sobre concreto, utilizaremos barriles de agua para anclarla. El cliente debe tener una fuente de agua dentro de 50 pies del \u00e1rea de instalaci\u00f3n. El cliente tambi\u00e9n debe contar con un drenaje adecuado.<br \/>\nEl cliente tambi\u00e9n debe contar con un drenaje adecuado para la eliminaci\u00f3n del agua despu\u00e9s de que no se puedan utilizar m\u00e1s los barriles de agua para el anclaje. Comun\u00edquese con nuestra oficina para una alternativa. Se pueden aplicar cargos adicionales.<br \/>\nse pueden aplicar cargos adicionales.<\/p>\n<p><strong>Pol\u00edtica de Viento: <\/strong><\/p>\n<p><span style=\"text-decoration: underline;\">En caso de condiciones clim\u00e1ticas extremas o viento fuerte, no podremos instalar la tienda. Emitiremos una cancelaci\u00f3n y reembolso por el alquiler de la tienda.<\/span><\/p>\n<p><span style=\"text-decoration: underline;\">Nos reservamos el derecho de cancelar cualquier tienda si hay un riesgo potencial de lesiones o da\u00f1os.<\/span><\/p>\n<p>Estas tiendas no son refugios contra condiciones clim\u00e1ticas extremas y deben evacuarse en caso de vientos fuertes.<\/p>\n<p>&nbsp;\n\t\t\t<\/div>\n\t<\/div>\n\t<\/div>\n\t<div class=\"ult-overlay-close top-right\" style=\"width:24px;height:24px; \"><div class=\"ult-overlay-close-inside\">Close<\/div><\/div>\n<\/div><\/div><\/div><\/div><\/div>\n<\/div>","protected":false},"excerpt":{"rendered":"<p>Rental policiesSee Rental Policies &#8211; English Rental Policies Please read these policies! Not all items shown in the images are included in the packages. Please check the list of items that are included in your package before placing your order. Please make sure you have the space available for the size of tent listed in&hellip;<\/p>","protected":false},"author":1,"featured_media":0,"parent":0,"menu_order":0,"comment_status":"closed","ping_status":"closed","template":"","meta":{"_joinchat":[],"footnotes":""},"class_list":["post-3357","page","type-page","status-publish","hentry","description-off"],"_links":{"self":[{"href":"https:\/\/blossomeventrental.com\/es\/wp-json\/wp\/v2\/pages\/3357","targetHints":{"allow":["GET"]}}],"collection":[{"href":"https:\/\/blossomeventrental.com\/es\/wp-json\/wp\/v2\/pages"}],"about":[{"href":"https:\/\/blossomeventrental.com\/es\/wp-json\/wp\/v2\/types\/page"}],"author":[{"embeddable":true,"href":"https:\/\/blossomeventrental.com\/es\/wp-json\/wp\/v2\/users\/1"}],"replies":[{"embeddable":true,"href":"https:\/\/blossomeventrental.com\/es\/wp-json\/wp\/v2\/comments?post=3357"}],"version-history":[{"count":23,"href":"https:\/\/blossomeventrental.com\/es\/wp-json\/wp\/v2\/pages\/3357\/revisions"}],"predecessor-version":[{"id":3422,"href":"https:\/\/blossomeventrental.com\/es\/wp-json\/wp\/v2\/pages\/3357\/revisions\/3422"}],"wp:attachment":[{"href":"https:\/\/blossomeventrental.com\/es\/wp-json\/wp\/v2\/media?parent=3357"}],"curies":[{"name":"wp","href":"https:\/\/api.w.org\/{rel}","templated":true}]}}